{"id":116,"date":"2023-09-18T17:20:41","date_gmt":"2023-09-18T17:20:41","guid":{"rendered":"http:\/\/alexandrahayes.ca\/?page_id=116"},"modified":"2023-10-30T19:06:07","modified_gmt":"2023-10-30T19:06:07","slug":"a-propos","status":"publish","type":"page","link":"http:\/\/alexandrahayes.ca\/en\/a-propos\/","title":{"rendered":"About"},"content":{"rendered":"<div data-elementor-type=\"wp-page\" data-elementor-id=\"116\" class=\"elementor elementor-116\" data-elementor-post-type=\"page\">\n\t\t\t\t<div class=\"elementor-element elementor-element-a9a6b8e e-flex e-con-boxed e-con e-parent\" data-id=\"a9a6b8e\" data-element_type=\"container\">\n\t\t\t\t\t<div class=\"e-con-inner\">\n\t\t<div class=\"elementor-element elementor-element-6730b78 e-con-full e-flex e-con e-child\" data-id=\"6730b78\" data-element_type=\"container\">\n\t\t\t\t<div class=\"elementor-element elementor-element-9ca6fc6 animated-slow elementor-invisible elementor-widget elementor-widget-heading\" data-id=\"9ca6fc6\" data-element_type=\"widget\" data-settings=\"{&quot;_animation&quot;:&quot;fadeInDown&quot;}\" data-widget_type=\"heading.default\">\n\t\t\t\t<div class=\"elementor-widget-container\">\n\t\t\t\t\t<h1 class=\"elementor-heading-title elementor-size-default\">About<\/h1>\t\t\t\t<\/div>\n\t\t\t\t<\/div>\n\t\t\t\t<div class=\"elementor-element elementor-element-17e8bb2 animated-slow elementor-invisible elementor-widget elementor-widget-text-editor\" data-id=\"17e8bb2\" data-element_type=\"widget\" data-settings=\"{&quot;_animation&quot;:&quot;fadeIn&quot;,&quot;_animation_delay&quot;:250}\" data-widget_type=\"text-editor.default\">\n\t\t\t\t<div class=\"elementor-widget-container\">\n\t\t\t\t\t\t\t\t\t<p>Bienvenue sur la page \u00ab\u00a0\u00c0 propos\u00a0\u00bb d&rsquo;Alexandra Hayes, une artiste multidisciplinaire passionn\u00e9e par la transformation artistique et l&rsquo;alchimie cr\u00e9ative. Au fil des ann\u00e9es, j&rsquo;ai d\u00e9velopp\u00e9 un profond lien entre mon \u00e2me et l&rsquo;art, explorant diff\u00e9rentes formes d&rsquo;expression artistique pour cr\u00e9er des \u0153uvres captivantes.<\/p><p>My artistic journey is influenced by a spiritual energy that guides my creativity. I believe in the magic of transformation, in art's ability to transcend darkness to reveal the light within. Every brushstroke, every artistic composition and every make-up transformation I create is the result of a unique alchemy between my soul and my art.<\/p><p>On this page, I share my artistic story, my inspirations and my commitment to creating works that touch hearts and souls. Explore my work in painting, make-up and art direction, and immerse yourself in a world where art and spirituality merge to create an unforgettable artistic experience. Thank you for joining this artistic adventure, and please don't hesitate to contact me with any questions or requests.<\/p>\t\t\t\t\t\t\t\t<\/div>\n\t\t\t\t<\/div>\n\t\t\t\t<\/div>\n\t\t<div class=\"elementor-element elementor-element-4774ed1 e-con-full e-flex e-con e-child\" data-id=\"4774ed1\" data-element_type=\"container\" data-settings=\"{&quot;background_background&quot;:&quot;classic&quot;}\">\n\t\t\t\t<div class=\"elementor-element elementor-element-8385a5c animated-slow elementor-invisible elementor-widget elementor-widget-image\" data-id=\"8385a5c\" data-element_type=\"widget\" data-settings=\"{&quot;_animation&quot;:&quot;fadeIn&quot;}\" data-widget_type=\"image.default\">\n\t\t\t\t<div class=\"elementor-widget-container\">\n\t\t\t\t\t\t\t\t\t\t\t\t\t\t\t<img fetchpriority=\"high\" decoding=\"async\" width=\"728\" height=\"1024\" src=\"https:\/\/alexandrahayes.ca\/wp-content\/uploads\/2023\/09\/alexandra-hayes-artiste-mua-728x1024.png\" class=\"attachment-large size-large wp-image-310\" alt=\"\" srcset=\"https:\/\/alexandrahayes.ca\/wp-content\/uploads\/2023\/09\/alexandra-hayes-artiste-mua-728x1024.png 728w, https:\/\/alexandrahayes.ca\/wp-content\/uploads\/2023\/09\/alexandra-hayes-artiste-mua-213x300.png 213w, https:\/\/alexandrahayes.ca\/wp-content\/uploads\/2023\/09\/alexandra-hayes-artiste-mua-768x1080.png 768w, https:\/\/alexandrahayes.ca\/wp-content\/uploads\/2023\/09\/alexandra-hayes-artiste-mua.png 954w\" sizes=\"(max-width: 728px) 100vw, 728px\" \/>\t\t\t\t\t\t\t\t\t\t\t\t\t\t\t<\/div>\n\t\t\t\t<\/div>\n\t\t\t\t<\/div>\n\t\t\t\t\t<\/div>\n\t\t\t\t<\/div>\n\t\t\t\t<\/div>","protected":false},"excerpt":{"rendered":"<p>\u00c0 propos Bienvenue sur la page \u00ab\u00a0\u00c0 propos\u00a0\u00bb d&rsquo;Alexandra Hayes, une artiste multidisciplinaire passionn\u00e9e par la transformation artistique et l&rsquo;alchimie cr\u00e9ative. Au fil des ann\u00e9es, j&rsquo;ai d\u00e9velopp\u00e9 un profond lien entre mon \u00e2me et l&rsquo;art, explorant diff\u00e9rentes formes d&rsquo;expression artistique pour cr\u00e9er des \u0153uvres captivantes. Mon parcours artistique est influenc\u00e9 par une \u00e9nergie spirituelle qui [&hellip;]<\/p>","protected":false},"author":1,"featured_media":1338,"parent":0,"menu_order":0,"comment_status":"closed","ping_status":"closed","template":"elementor_header_footer","meta":{"_seopress_robots_primary_cat":"","footnotes":""},"class_list":["post-116","page","type-page","status-publish","has-post-thumbnail","hentry"],"_links":{"self":[{"href":"http:\/\/alexandrahayes.ca\/en\/wp-json\/wp\/v2\/pages\/116","targetHints":{"allow":["GET"]}}],"collection":[{"href":"http:\/\/alexandrahayes.ca\/en\/wp-json\/wp\/v2\/pages"}],"about":[{"href":"http:\/\/alexandrahayes.ca\/en\/wp-json\/wp\/v2\/types\/page"}],"author":[{"embeddable":true,"href":"http:\/\/alexandrahayes.ca\/en\/wp-json\/wp\/v2\/users\/1"}],"replies":[{"embeddable":true,"href":"http:\/\/alexandrahayes.ca\/en\/wp-json\/wp\/v2\/comments?post=116"}],"version-history":[{"count":26,"href":"http:\/\/alexandrahayes.ca\/en\/wp-json\/wp\/v2\/pages\/116\/revisions"}],"predecessor-version":[{"id":1340,"href":"http:\/\/alexandrahayes.ca\/en\/wp-json\/wp\/v2\/pages\/116\/revisions\/1340"}],"wp:featuredmedia":[{"embeddable":true,"href":"http:\/\/alexandrahayes.ca\/en\/wp-json\/wp\/v2\/media\/1338"}],"wp:attachment":[{"href":"http:\/\/alexandrahayes.ca\/en\/wp-json\/wp\/v2\/media?parent=116"}],"curies":[{"name":"wp","href":"https:\/\/api.w.org\/{rel}","templated":true}]}}